{"id":112,"date":"2021-07-10T15:05:02","date_gmt":"2021-07-10T15:05:02","guid":{"rendered":"http:\/\/ireneuszgrochowicz.pl\/?page_id=112"},"modified":"2021-07-10T15:14:49","modified_gmt":"2021-07-10T15:14:49","slug":"ginekologiczny","status":"publish","type":"page","link":"https:\/\/ireneuszgrochowicz.pl\/index.php\/ginekologiczny\/","title":{"rendered":"Ginekologiczny"},"content":{"rendered":"<p><strong>lek. med. Ireneusz Grochowicz<\/strong><\/p>\n<p><strong>Porada lekarska<\/strong><br \/>\nObejmuje: badanie ginekologiczne; ocena pochwy oraz szyjki macicy we wzierniku; pobranie rozmazu cytologicznego oraz mo\u017cliwo\u015b\u0107 natychmiastowej oceny cytologicznej w mikroskopie kontrastowo-fazowym; ocena biocenozy pochwy; badanie palpacyjne piersi.<\/p>\n<p><strong>Badanie po\u0142o\u017cnicze<\/strong><br \/>\nObejmuje: ocena biocenozy pochwy (pH, KOH), szyjki macicy oraz trzonu macicy, pomiar odleg\u0142o\u015bci dno \u2013 spojenie (DS), pomiar temp. cia\u0142a, pomiar ci\u015bnienia krwi, pomiar masy cia\u0142a, ocena t\u0119tna p\u0142odu, oznaczenie BMI.<\/p>\n<p><strong>Kolposkopia<\/strong><br \/>\nBadanie polegaj\u0105ce na ogl\u0105daniu powierzchni szyjki macicy, dolnej cz\u0119\u015bci jej kana\u0142u oraz pochwy i sromu przy pomocy urz\u0105dzenia optycznego \u2013 kolposkopu.<\/p>\n<p><strong>Badanie uroginekologiczne<\/strong><br \/>\nDiagnostyka i leczenie zachowawcze wysi\u0142kowego, neurogennego oraz mieszanego nietrzymania moczu.<\/p>\n","protected":false},"excerpt":{"rendered":"<p>lek. med. Ireneusz Grochowicz Porada lekarska Obejmuje: badanie ginekologiczne; ocena pochwy oraz szyjki macicy we wzierniku; pobranie rozmazu cytologicznego oraz mo\u017cliwo\u015b\u0107 natychmiastowej oceny cytologicznej w mikroskopie kontrastowo-fazowym; ocena biocenozy pochwy; badanie palpacyjne piersi. Badanie po\u0142o\u017cnicze Obejmuje: ocena biocenozy pochwy (pH, KOH), szyjki macicy oraz trzonu macicy, pomiar odleg\u0142o\u015bci dno \u2013 spojenie (DS), pomiar temp. cia\u0142a, &hellip; <\/p>\n<p class=\"link-more\"><a href=\"https:\/\/ireneuszgrochowicz.pl\/index.php\/ginekologiczny\/\" class=\"more-link\">Continue reading<span class=\"screen-reader-text\"> &#8220;Ginekologiczny&#8221;<\/span><\/a><\/p>\n","protected":false},"author":1,"featured_media":0,"parent":0,"menu_order":0,"comment_status":"closed","ping_status":"closed","template":"","meta":[],"_links":{"self":[{"href":"https:\/\/ireneuszgrochowicz.pl\/index.php\/wp-json\/wp\/v2\/pages\/112"}],"collection":[{"href":"https:\/\/ireneuszgrochowicz.pl\/index.php\/wp-json\/wp\/v2\/pages"}],"about":[{"href":"https:\/\/ireneuszgrochowicz.pl\/index.php\/wp-json\/wp\/v2\/types\/page"}],"author":[{"embeddable":true,"href":"https:\/\/ireneuszgrochowicz.pl\/index.php\/wp-json\/wp\/v2\/users\/1"}],"replies":[{"embeddable":true,"href":"https:\/\/ireneuszgrochowicz.pl\/index.php\/wp-json\/wp\/v2\/comments?post=112"}],"version-history":[{"count":3,"href":"https:\/\/ireneuszgrochowicz.pl\/index.php\/wp-json\/wp\/v2\/pages\/112\/revisions"}],"predecessor-version":[{"id":133,"href":"https:\/\/ireneuszgrochowicz.pl\/index.php\/wp-json\/wp\/v2\/pages\/112\/revisions\/133"}],"wp:attachment":[{"href":"https:\/\/ireneuszgrochowicz.pl\/index.php\/wp-json\/wp\/v2\/media?parent=112"}],"curies":[{"name":"wp","href":"https:\/\/api.w.org\/{rel}","templated":true}]}}