{"id":118,"date":"2021-07-10T15:06:10","date_gmt":"2021-07-10T15:06:10","guid":{"rendered":"http:\/\/ireneuszgrochowicz.pl\/?page_id=118"},"modified":"2021-07-10T15:18:28","modified_gmt":"2021-07-10T15:18:28","slug":"wypoczynkowy","status":"publish","type":"page","link":"https:\/\/ireneuszgrochowicz.pl\/index.php\/wypoczynkowy\/","title":{"rendered":"Wypoczynkowy"},"content":{"rendered":"<p><strong>POK\u00d3J WYPOCZYNKOWY<\/strong> (dwa \u0142\u00f3\u017cka, \u0142azienka)<\/p>\n<ul>\n<li>wykonujemy badanie kardiotokograficzne KTG (ocena dobrostanu p\u0142odu)<\/li>\n<li>mo\u017cliwo\u015b\u0107 oddania nasienia do badania andrologicznego<\/li>\n<li>ca\u0142odniowa opieka po zabiegu<\/li>\n<li>mo\u017cliwo\u015b\u0107 fototerapii<\/li>\n<\/ul>\n","protected":false},"excerpt":{"rendered":"<p>POK\u00d3J WYPOCZYNKOWY (dwa \u0142\u00f3\u017cka, \u0142azienka) wykonujemy badanie kardiotokograficzne KTG (ocena dobrostanu p\u0142odu) mo\u017cliwo\u015b\u0107 oddania nasienia do badania andrologicznego ca\u0142odniowa opieka po zabiegu mo\u017cliwo\u015b\u0107 fototerapii<\/p>\n","protected":false},"author":1,"featured_media":0,"parent":0,"menu_order":0,"comment_status":"closed","ping_status":"closed","template":"","meta":[],"_links":{"self":[{"href":"https:\/\/ireneuszgrochowicz.pl\/index.php\/wp-json\/wp\/v2\/pages\/118"}],"collection":[{"href":"https:\/\/ireneuszgrochowicz.pl\/index.php\/wp-json\/wp\/v2\/pages"}],"about":[{"href":"https:\/\/ireneuszgrochowicz.pl\/index.php\/wp-json\/wp\/v2\/types\/page"}],"author":[{"embeddable":true,"href":"https:\/\/ireneuszgrochowicz.pl\/index.php\/wp-json\/wp\/v2\/users\/1"}],"replies":[{"embeddable":true,"href":"https:\/\/ireneuszgrochowicz.pl\/index.php\/wp-json\/wp\/v2\/comments?post=118"}],"version-history":[{"count":2,"href":"https:\/\/ireneuszgrochowicz.pl\/index.php\/wp-json\/wp\/v2\/pages\/118\/revisions"}],"predecessor-version":[{"id":136,"href":"https:\/\/ireneuszgrochowicz.pl\/index.php\/wp-json\/wp\/v2\/pages\/118\/revisions\/136"}],"wp:attachment":[{"href":"https:\/\/ireneuszgrochowicz.pl\/index.php\/wp-json\/wp\/v2\/media?parent=118"}],"curies":[{"name":"wp","href":"https:\/\/api.w.org\/{rel}","templated":true}]}}