{"id":28,"date":"2021-07-10T06:25:07","date_gmt":"2021-07-10T06:25:07","guid":{"rendered":"http:\/\/ireneuszgrochowicz.pl\/?page_id=28"},"modified":"2021-07-21T14:56:20","modified_gmt":"2021-07-21T14:56:20","slug":"informacje","status":"publish","type":"page","link":"https:\/\/ireneuszgrochowicz.pl\/index.php\/informacje\/","title":{"rendered":"O nas"},"content":{"rendered":"\n<p>Niepubliczny Zak\u0142ad Po\u0142o\u017cniczo-Ginekologiczny Ireneusz Grochowicz \u201dBiG\u201d w Rybniku rozpocz\u0105\u0142 dzia\u0142alno\u015b\u0107 w 1999 roku.&nbsp;<\/p>\n\n\n\n<p>Personel:<\/p>\n\n\n\n<figure class=\"wp-block-image size-large\"><img loading=\"lazy\" width=\"200\" height=\"290\" src=\"http:\/\/ireneuszgrochowicz.pl\/wp-content\/uploads\/2021\/07\/personel2.jpg\" alt=\"\" class=\"wp-image-96\"\/><\/figure>\n\n\n<h3><strong> Um\u00f3w wizyt\u0119 za po\u015brednictwem portalu:\u00a0 <\/strong><a href=\"https:\/\/www.znanylekarz.pl\/ireneusz-grochowicz\/ginekolog\/rybnik\"><span style=\"color: #ff0000;\"><strong>ZNANY LEKARZ<\/strong><\/span><\/a><\/h3>\n<p>\u00a0<\/p>\n\n\n<p><strong>lek. med. Ireneusz Grochowicz<\/strong><br>Pochodz\u0119 z Rybnika gdzie uko\u0144czy\u0142em szko\u0142\u0119 podstawow\u0105 i liceum og\u00f3lnokszta\u0142c\u0105ce. Studia na Wydziale Lekarskim \u015al\u0105skiej Akademii Medycznej w Katowicach uko\u0144czy\u0142em w 1989 roku. W 1990 roku rozpocz\u0105\u0142em prac\u0119 na Oddziale Ginekologii i Po\u0142o\u017cnictwa w Rybniku pod kierownictwem dr. n. med. Macieja Rogoszewskiego, mojego nauczyciela.<br><br>Specjalist\u0105 pierwszego stopnia z ginekologii i po\u0142o\u017cnictwa zosta\u0142em w 1993 roku. Specjalizacj\u0119 drugiego stopnia z ginekologii i po\u0142o\u017cnictwa oraz szkolenie z zakresu andrologii uko\u0144czy\u0142em w 1998 roku. W latach od 1991 do 2000 roku prowadzi\u0142em poradni\u0119 \u201eK\u201d w Palowicach, Chwa\u0142owicach, Orzepowicach, Niedobczycach. Prywatny gabinet ginekologiczno-po\u0142o\u017cniczy otworzy\u0142em w 1994 roku w Be\u0142ku .<\/p>\n\n\n<ul>\n<li>W 2002 roku z r\u0105k Jolanty Kwa\u015bniewskiej otrzyma\u0142em honorowy tytu\u0142\u201d Lekarz Przyjaciel Kobiety\u201d.<\/li>\n<li>W 2013 roku przyznano mi honorowe odznaczenie &#8221; Laur Pacjenta 2013&#8243; w Og\u00f3lnopolskim Plebiscycie Medycznym.<\/li>\n<li>W 2014 roku ponownie przyznano mi honorowe odznaczenie &#8221; Laur Pacjenta 2014&#8243;.<\/li>\n<li>W 2015 roku przyznano mi honorowe odznaczenie Grand Prix &#8220;Laur Pacjenta 2015\/16&#8221;<\/li>\n<\/ul>\n<hr \/>\n\n\n<figure class=\"wp-block-image size-large\"><img loading=\"lazy\" width=\"200\" height=\"290\" src=\"http:\/\/ireneuszgrochowicz.pl\/wp-content\/uploads\/2021\/07\/personel3.jpg\" alt=\"\" class=\"wp-image-97\"\/><\/figure>\n\n\n\n<p><strong>lek. med. Barbara Strz\u0105da\u0142a<\/strong><br>Uko\u0144czy\u0142a: \u015al\u0105sk\u0105 Akademi\u0119 Medyczn\u0105 w 1993 roku, specjalizacj\u0119 pierwszego stopnia z Radiologii i Diagnostyki Obrazowej w 1997 roku a specjalizacj\u0119 drugiego stopnia w 2001 roku. Obecnie pracuje w Wojew\u00f3dzkim Szpitalu Specjalistycznym w Rybniku w Zak\u0142adzie Diagnostyki Obrazowej.<\/p>\n\n\n<hr>\n\n\n<figure class=\"wp-block-image size-large\"><img loading=\"lazy\" width=\"200\" height=\"290\" src=\"http:\/\/ireneuszgrochowicz.pl\/wp-content\/uploads\/2021\/07\/personel1.jpg\" alt=\"\" class=\"wp-image-99\"\/><\/figure>\n\n\n\n<p><strong>mgr fizjoterapii Kamil Grochowicz<\/strong><br>Urodzi\u0142em si\u0119 16 kwietnia 1986 roku. Uko\u0144czy\u0142em Akademia Wychowania Fizycznego im Jerzego Kukuczki w Katowicach na wydziale Fizjoterapii. Tytu\u0142 magistra uzyska\u0142em 02.11.2010 roku. Swoje do\u015bwiadczenie zawodowe naby\u0142em w wielu szpitalach i klinikach na terenie \u015al\u0105ska.<\/p>\n","protected":false},"excerpt":{"rendered":"<p>Niepubliczny Zak\u0142ad Po\u0142o\u017cniczo-Ginekologiczny Ireneusz Grochowicz \u201dBiG\u201d w Rybniku rozpocz\u0105\u0142 dzia\u0142alno\u015b\u0107 w 1999 roku.&nbsp; Personel: Um\u00f3w wizyt\u0119 za po\u015brednictwem portalu:\u00a0 ZNANY LEKARZ \u00a0 lek. med. Ireneusz GrochowiczPochodz\u0119 z Rybnika gdzie uko\u0144czy\u0142em szko\u0142\u0119 podstawow\u0105 i liceum og\u00f3lnokszta\u0142c\u0105ce. Studia na Wydziale Lekarskim \u015al\u0105skiej Akademii Medycznej w Katowicach uko\u0144czy\u0142em w 1989 roku. W 1990 roku rozpocz\u0105\u0142em prac\u0119 na Oddziale &hellip; <\/p>\n<p class=\"link-more\"><a href=\"https:\/\/ireneuszgrochowicz.pl\/index.php\/informacje\/\" class=\"more-link\">Continue reading<span class=\"screen-reader-text\"> &#8220;O nas&#8221;<\/span><\/a><\/p>\n","protected":false},"author":1,"featured_media":0,"parent":0,"menu_order":0,"comment_status":"closed","ping_status":"closed","template":"","meta":[],"_links":{"self":[{"href":"https:\/\/ireneuszgrochowicz.pl\/index.php\/wp-json\/wp\/v2\/pages\/28"}],"collection":[{"href":"https:\/\/ireneuszgrochowicz.pl\/index.php\/wp-json\/wp\/v2\/pages"}],"about":[{"href":"https:\/\/ireneuszgrochowicz.pl\/index.php\/wp-json\/wp\/v2\/types\/page"}],"author":[{"embeddable":true,"href":"https:\/\/ireneuszgrochowicz.pl\/index.php\/wp-json\/wp\/v2\/users\/1"}],"replies":[{"embeddable":true,"href":"https:\/\/ireneuszgrochowicz.pl\/index.php\/wp-json\/wp\/v2\/comments?post=28"}],"version-history":[{"count":12,"href":"https:\/\/ireneuszgrochowicz.pl\/index.php\/wp-json\/wp\/v2\/pages\/28\/revisions"}],"predecessor-version":[{"id":229,"href":"https:\/\/ireneuszgrochowicz.pl\/index.php\/wp-json\/wp\/v2\/pages\/28\/revisions\/229"}],"wp:attachment":[{"href":"https:\/\/ireneuszgrochowicz.pl\/index.php\/wp-json\/wp\/v2\/media?parent=28"}],"curies":[{"name":"wp","href":"https:\/\/api.w.org\/{rel}","templated":true}]}}