{"id":29,"date":"2021-07-10T06:25:07","date_gmt":"2021-07-10T06:25:07","guid":{"rendered":"http:\/\/ireneuszgrochowicz.pl\/?page_id=29"},"modified":"2021-07-21T14:53:01","modified_gmt":"2021-07-21T14:53:01","slug":"kontakt","status":"publish","type":"page","link":"https:\/\/ireneuszgrochowicz.pl\/index.php\/kontakt\/","title":{"rendered":"Kontakt"},"content":{"rendered":"\n<p><strong>Niepubliczny Zak\u0142ad Po\u0142o\u017cniczo &#8211; Ginekologiczny Ireneusz Grochowicz \u201eBiG\u201d<\/strong><br>ul. Ks. Henryka Jo\u015bki 60 (by\u0142a ul.Hibnera), 44-217 Rybnik<br><br>tel.\/fax 32\/42 40 309<br>tel.kom. 575 775 633 (gabinet)<br>tel.kom. 601 488 622 (prywatny)<br><\/p>\n\n\n\n<p><strong>Rejestracja codziennie:<br><\/strong>Poniedzia\u0142ek, Wtorek, Czwartek<br>od godz. 8.00-18.00<\/p>\n\n\n\n<p>\u015aroda<br>od godz. 8.00-16.00<\/p>\n\n\n\n<p>Pi\u0105tek<br>od godz. 8.00-17.00<br><\/p>\n\n\n\n<p class=\"has-text-align-left\"><strong>PORADNIA PO\u0141O\u017bNICZO-GINEKOLOGICZNA<\/strong> \u2013 lek. med. Ireneusz Grochowicz<br>Poniedzia\u0142ek  8.00-11.00 oraz 13.00-17.00<br>Wtorek             8.00-11.00 oraz 13.00-17.00<br>\u015aroda                 8.00-11.00<br>Czwartek         8.00-11.00 oraz 13.00-17.00<br>Pi\u0105tek                8.00-11.00 oraz 13.00-16.00<\/p>\n\n\n<h3>\u00a0<\/h3>\n<h3><strong>Godziny przyj\u0119\u0107 po uzgodnieniu telefonicznym<\/strong><br \/><strong>lub zgodnie z rejestracj\u0105 przez portal :\u00a0<\/strong><a href=\"https:\/\/www.znanylekarz.pl\/ireneusz-grochowicz\/ginekolog\/rybnik\"><span style=\"color: #ff0000;\"><strong>ZNANY LEKARZ<\/strong><\/span><\/a><\/h3>\n\n\n<p><\/p>\n\n\n\n<p><strong>PORADNIA CHOR\u00d3B PIERSI <\/strong>&#8211; lek. med. Barbara Strz\u0105da\u0142a<br>Czwartek        od 15.00<\/p>\n","protected":false},"excerpt":{"rendered":"<p>Niepubliczny Zak\u0142ad Po\u0142o\u017cniczo &#8211; Ginekologiczny Ireneusz Grochowicz \u201eBiG\u201dul. Ks. Henryka Jo\u015bki 60 (by\u0142a ul.Hibnera), 44-217 Rybnik tel.\/fax 32\/42 40 309tel.kom. 575 775 633 (gabinet)tel.kom. 601 488 622 (prywatny) Rejestracja codziennie:Poniedzia\u0142ek, Wtorek, Czwartekod godz. 8.00-18.00 \u015arodaod godz. 8.00-16.00 Pi\u0105tekod godz. 8.00-17.00 PORADNIA PO\u0141O\u017bNICZO-GINEKOLOGICZNA \u2013 lek. med. Ireneusz GrochowiczPoniedzia\u0142ek 8.00-11.00 oraz 13.00-17.00Wtorek 8.00-11.00 oraz 13.00-17.00\u015aroda 8.00-11.00Czwartek 8.00-11.00 &hellip; <\/p>\n<p class=\"link-more\"><a href=\"https:\/\/ireneuszgrochowicz.pl\/index.php\/kontakt\/\" class=\"more-link\">Continue reading<span class=\"screen-reader-text\"> &#8220;Kontakt&#8221;<\/span><\/a><\/p>\n","protected":false},"author":1,"featured_media":0,"parent":0,"menu_order":0,"comment_status":"closed","ping_status":"closed","template":"","meta":[],"_links":{"self":[{"href":"https:\/\/ireneuszgrochowicz.pl\/index.php\/wp-json\/wp\/v2\/pages\/29"}],"collection":[{"href":"https:\/\/ireneuszgrochowicz.pl\/index.php\/wp-json\/wp\/v2\/pages"}],"about":[{"href":"https:\/\/ireneuszgrochowicz.pl\/index.php\/wp-json\/wp\/v2\/types\/page"}],"author":[{"embeddable":true,"href":"https:\/\/ireneuszgrochowicz.pl\/index.php\/wp-json\/wp\/v2\/users\/1"}],"replies":[{"embeddable":true,"href":"https:\/\/ireneuszgrochowicz.pl\/index.php\/wp-json\/wp\/v2\/comments?post=29"}],"version-history":[{"count":15,"href":"https:\/\/ireneuszgrochowicz.pl\/index.php\/wp-json\/wp\/v2\/pages\/29\/revisions"}],"predecessor-version":[{"id":225,"href":"https:\/\/ireneuszgrochowicz.pl\/index.php\/wp-json\/wp\/v2\/pages\/29\/revisions\/225"}],"wp:attachment":[{"href":"https:\/\/ireneuszgrochowicz.pl\/index.php\/wp-json\/wp\/v2\/media?parent=29"}],"curies":[{"name":"wp","href":"https:\/\/api.w.org\/{rel}","templated":true}]}}